{"id":463,"date":"2018-10-17T09:06:41","date_gmt":"2018-10-17T07:06:41","guid":{"rendered":"https:\/\/pennekamp.ch\/?page_id=463"},"modified":"2022-12-08T13:48:33","modified_gmt":"2022-12-08T12:48:33","slug":"cerec","status":"publish","type":"page","link":"https:\/\/pennekamp.ch\/en\/cerec\/","title":{"rendered":"Cerec&#x2122;"},"content":{"rendered":"<div class=\"wpb-content-wrapper\">[vc_section][vc_row full_width=&#8221;stretch_row&#8221; el_class=&#8221;wk-page-title&#8221;][vc_column][vc_column_text]\n<h1 style=\"text-align: center;\">CEREC&#x2122; &#8211; Vollkeramischer Zahnersatz<\/h1>\n<p style=\"text-align: center;\"><strong>Mit Cerec&#x2122; wird der Weg zum Zahnersatz so angenehm wie noch nie.<\/strong><\/p>\n[\/vc_column_text][\/vc_column][\/vc_row][\/vc_section][vc_row css=&#8221;.vc_custom_1666769294386{padding-top: 60px !important;}&#8221;][vc_column width=&#8221;2\/3&#8243;][vc_column_text]\n<p style=\"text-align: left;\">Nat\u00fcrlich w\u00fcnscht sich praktisch niemand, eine Krone zu bekommen. Fr\u00fcher war dies zudem mit Abdruckmasse, unangenehmen Abdruckl\u00f6ffeln im Mund, W\u00fcrgereiz und Kieferschmerzen verbunden.<\/p>\n<p style=\"text-align: left;\">Cerec&#x2122; erm\u00f6glicht jetzt eine schnellere und bequemere Behandlung. Egal, ob es sich um eine Teilkrone, Krone oder um ein Veneer handelt. Der Zahnarzt filmt erst Ihr Gebiss. Danach wird der Zahnersatz am Computer geplant und direkt in der Praxis gefertigt. Anschliessend wird Ihnen der Zahnersatz passgenau eingesetzt.<\/p>\n[\/vc_column_text][vc_column_text css=&#8221;.vc_custom_1666769666925{padding-top: 30px !important;}&#8221;]\n<p style=\"text-align: left;\">Die hohe Beliebtheit von Cerec&#x2122; stammt auch hiervon:<\/p>\n<ul style=\"text-align: left;\">\n<li style=\"text-align: left;\"><span class=\"wpex-text-md wpex-text-lg\">dank Cerec&#x2122; ist Schluss mit Provisorien, Folgeterminen und Spritzen<\/span><\/li>\n<li style=\"text-align: left;\"><span class=\"wpex-text-md wpex-text-lg\">das Ergebnis h\u00e4lt jahrelang perfekt, wie Keramische Restaurationen aus dem Labor<\/span><\/li>\n<li style=\"text-align: left;\"><span class=\"wpex-text-md wpex-text-lg\">keine dunklen Kronenr\u00e4nder, keine allergische Reaktionen<\/span><\/li>\n<li style=\"text-align: left;\"><span class=\"wpex-text-md wpex-text-lg\">gesundes Zahnfleisch<\/span><\/li>\n<li style=\"text-align: left;\"><span class=\"wpex-text-md wpex-text-lg\">mit Cerec&#x2122; sieht der Zahnersatz t\u00e4uschend echt aus<\/span><\/li>\n<\/ul>\n<p style=\"text-align: left;\">Vereinbaren auch Sie einen Termin f\u00fcr Ihren unkomplizierten und \u00e4sthetischen Zahnersatz.<\/p>\n[\/vc_column_text][vc_btn title=&#8221;Termin jetzt buchen&#8221; style=&#8221;classic&#8221; shape=&#8221;square&#8221; align=&#8221;left&#8221; link=&#8221;url:http%3A%2F%2Fpennekamp.ch%2Fonline-buchen%2F||&#8221; css=&#8221;.vc_custom_1666768828930{margin-top: 20px !important;}&#8221; el_class=&#8221;wk-btn&#8221;][\/vc_column][vc_column width=&#8221;1\/3&#8243;][vc_single_image image=&#8221;1246&#8243;][\/vc_column][\/vc_row][vc_section][vc_row full_width=&#8221;stretch_row&#8221; el_class=&#8221;wk-grey-section&#8221; css=&#8221;.vc_custom_1666771828140{padding-top: 45px !important;}&#8221;][vc_column css=&#8221;.vc_custom_1666771987939{padding-bottom: 30px !important;}&#8221; el_class=&#8221;wk-align-left&#8221;][vc_column_text text_align=&#8221;left&#8221;]\n<p style=\"text-align: left;\"><strong>Was ist CEREC eigentlich?<\/strong><\/p>\n<p style=\"text-align: left;\">Cerec&#x2122; steht f\u00fcr \u00ab<strong>Cer<\/strong>amic <strong>Re<\/strong>construction\u00bb, zu Deutsch \u00abKeramische Rekonstruktion\u00bb. Es ist eine zahnfarbene F\u00fcllung aus Vollkeramik und dient als Zahnersatz. Speziell ist, dass es in einem digitalen Verfahren entwickelt wird, welches die Herstellung in nur einer Sitzung erm\u00f6glicht.<\/p>\n<p style=\"text-align: left;\"><strong>Woher kommt CEREC?<\/strong><\/p>\n<p style=\"text-align: left;\">Die digitale Konstruktion von keramischen Inlays mit CEREC wurde Anfang der achtziger Jahre als Ersatz grosser Amalgam-F\u00fcllungen an der Universit\u00e4t Z\u00fcrich entwickelt. Viele Jahre sp\u00e4ter lassen sich mit CEREC keramische Inlays, Onlays und Kronen erstellen, die h\u00f6chsten Qualit\u00e4tsstandards gen\u00fcgen.<\/p>\n<p style=\"text-align: left;\"><strong>Was ist der Vorteil von CEREC gegen\u00fcber Gold-Restaurationen?<\/strong><\/p>\n<p style=\"text-align: left;\">Keramische Restaurationen erm\u00f6glichen eine f\u00fcr den Zahn minimal-invasive Pr\u00e4paration, was einen deutlich verringerten Zahnhartsubstanzverlust bedeutet als bei herk\u00f6mmlichen Gold-Restaurationen. Perfektioniert wird die CEREC-Technik noch durch den Einsatz von Ultraschall-Instrumenten, die zus\u00e4tzlich f\u00fcr einen kontrollierten und\u00a0schonenden Substanzabtrag sorgen. CEREC-Restaurationen k\u00f6nnen in den meisten F\u00e4llen ohne konventionellen Abdruck direkt am Behandlungsstuhl und in nur einer Sitzung gefertigt und eingesetzt werden.<\/p>\n[\/vc_column_text][\/vc_column][\/vc_row][\/vc_section]\n<\/div>","protected":false},"excerpt":{"rendered":"<p>[vc_section][vc_row full_width=&#8221;stretch_row&#8221; el_class=&#8221;wk-page-title&#8221;][vc_column][vc_column_text] CEREC&#x2122; &#8211; Vollkeramischer Zahnersatz Mit Cerec&#x2122; wird der Weg zum Zahnersatz so angenehm wie noch nie. [\/vc_column_text][\/vc_column][\/vc_row][\/vc_section][vc_row css=&#8221;.vc_custom_1666769294386{padding-top: 60px !important;}&#8221;][vc_column width=&#8221;2\/3&#8243;][vc_column_text] Nat\u00fcrlich w\u00fcnscht sich praktisch niemand, eine Krone zu bekommen. Fr\u00fcher war dies zudem mit Abdruckmasse, unangenehmen Abdruckl\u00f6ffeln im Mund, W\u00fcrgereiz und Kieferschmerzen verbunden. Cerec&#x2122; erm\u00f6glicht jetzt eine schnellere und bequemere Behandlung.&hellip;<\/p>\n","protected":false},"author":1,"featured_media":0,"parent":0,"menu_order":0,"comment_status":"closed","ping_status":"closed","template":"","meta":{"footnotes":""},"class_list":["post-463","page","type-page","status-publish","hentry","entry","no-media"],"yoast_head":"<!-- This site is optimized with the Yoast SEO plugin v27.3 - https:\/\/yoast.com\/product\/yoast-seo-wordpress\/ -->\n<title>Cerec&#x2122; - pennekamp.ch<\/title>\n<meta name=\"robots\" content=\"index, follow, max-snippet:-1, max-image-preview:large, max-video-preview:-1\" \/>\n<link rel=\"canonical\" href=\"https:\/\/pennekamp.ch\/cerec\/\" \/>\n<meta property=\"og:locale\" content=\"en_US\" \/>\n<meta property=\"og:type\" content=\"article\" \/>\n<meta property=\"og:title\" content=\"Cerec&#x2122; - pennekamp.ch\" \/>\n<meta property=\"og:description\" content=\"[vc_section][vc_row full_width=&#8221;stretch_row&#8221; el_class=&#8221;wk-page-title&#8221;][vc_column][vc_column_text] CEREC&#x2122; &#8211; Vollkeramischer Zahnersatz Mit Cerec&#x2122; wird der Weg zum Zahnersatz so angenehm wie noch nie. [\/vc_column_text][\/vc_column][\/vc_row][\/vc_section][vc_row css=&#8221;.vc_custom_1666769294386{padding-top: 60px !important;}&#8221;][vc_column width=&#8221;2\/3&#8243;][vc_column_text] Nat\u00fcrlich w\u00fcnscht sich praktisch niemand, eine Krone zu bekommen. Fr\u00fcher war dies zudem mit Abdruckmasse, unangenehmen Abdruckl\u00f6ffeln im Mund, W\u00fcrgereiz und Kieferschmerzen verbunden. Cerec&#x2122; erm\u00f6glicht jetzt eine schnellere und bequemere Behandlung.&hellip;\" \/>\n<meta property=\"og:url\" content=\"https:\/\/pennekamp.ch\/cerec\/\" \/>\n<meta property=\"og:site_name\" content=\"pennekamp.ch\" \/>\n<meta property=\"article:modified_time\" content=\"2022-12-08T12:48:33+00:00\" \/>\n<meta name=\"twitter:card\" content=\"summary_large_image\" \/>\n<meta name=\"twitter:label1\" content=\"Est. reading time\" \/>\n\t<meta name=\"twitter:data1\" content=\"2 minutes\" \/>\n<script type=\"application\/ld+json\" class=\"yoast-schema-graph\">{\"@context\":\"https:\\\/\\\/schema.org\",\"@graph\":[{\"@type\":\"WebPage\",\"@id\":\"https:\\\/\\\/pennekamp.ch\\\/cerec\\\/\",\"url\":\"https:\\\/\\\/pennekamp.ch\\\/cerec\\\/\",\"name\":\"Cerec&#x2122; - pennekamp.ch\",\"isPartOf\":{\"@id\":\"https:\\\/\\\/pennekamp.ch\\\/#website\"},\"datePublished\":\"2018-10-17T07:06:41+00:00\",\"dateModified\":\"2022-12-08T12:48:33+00:00\",\"breadcrumb\":{\"@id\":\"https:\\\/\\\/pennekamp.ch\\\/cerec\\\/#breadcrumb\"},\"inLanguage\":\"en-US\",\"potentialAction\":[{\"@type\":\"ReadAction\",\"target\":[\"https:\\\/\\\/pennekamp.ch\\\/cerec\\\/\"]}]},{\"@type\":\"BreadcrumbList\",\"@id\":\"https:\\\/\\\/pennekamp.ch\\\/cerec\\\/#breadcrumb\",\"itemListElement\":[{\"@type\":\"ListItem\",\"position\":1,\"name\":\"Home\",\"item\":\"https:\\\/\\\/pennekamp.ch\\\/\"},{\"@type\":\"ListItem\",\"position\":2,\"name\":\"Cerec&#x2122;\"}]},{\"@type\":\"WebSite\",\"@id\":\"https:\\\/\\\/pennekamp.ch\\\/#website\",\"url\":\"https:\\\/\\\/pennekamp.ch\\\/\",\"name\":\"pennekamp.ch\",\"description\":\"Zahnarztpraxis Dr.med.dent. Thomas Pennekamp\",\"publisher\":{\"@id\":\"https:\\\/\\\/pennekamp.ch\\\/#organization\"},\"potentialAction\":[{\"@type\":\"SearchAction\",\"target\":{\"@type\":\"EntryPoint\",\"urlTemplate\":\"https:\\\/\\\/pennekamp.ch\\\/?s={search_term_string}\"},\"query-input\":{\"@type\":\"PropertyValueSpecification\",\"valueRequired\":true,\"valueName\":\"search_term_string\"}}],\"inLanguage\":\"en-US\"},{\"@type\":\"Organization\",\"@id\":\"https:\\\/\\\/pennekamp.ch\\\/#organization\",\"name\":\"pennekamp.ch\",\"url\":\"https:\\\/\\\/pennekamp.ch\\\/\",\"logo\":{\"@type\":\"ImageObject\",\"inLanguage\":\"en-US\",\"@id\":\"https:\\\/\\\/pennekamp.ch\\\/#\\\/schema\\\/logo\\\/image\\\/\",\"url\":\"https:\\\/\\\/pennekamp.ch\\\/wp-content\\\/uploads\\\/2022\\\/10\\\/pennekamp-logo.png\",\"contentUrl\":\"https:\\\/\\\/pennekamp.ch\\\/wp-content\\\/uploads\\\/2022\\\/10\\\/pennekamp-logo.png\",\"width\":264,\"height\":80,\"caption\":\"pennekamp.ch\"},\"image\":{\"@id\":\"https:\\\/\\\/pennekamp.ch\\\/#\\\/schema\\\/logo\\\/image\\\/\"}}]}<\/script>\n<!-- \/ Yoast SEO plugin. -->","yoast_head_json":{"title":"Cerec&#x2122; - pennekamp.ch","robots":{"index":"index","follow":"follow","max-snippet":"max-snippet:-1","max-image-preview":"max-image-preview:large","max-video-preview":"max-video-preview:-1"},"canonical":"https:\/\/pennekamp.ch\/cerec\/","og_locale":"en_US","og_type":"article","og_title":"Cerec&#x2122; - pennekamp.ch","og_description":"[vc_section][vc_row full_width=&#8221;stretch_row&#8221; el_class=&#8221;wk-page-title&#8221;][vc_column][vc_column_text] CEREC&#x2122; &#8211; Vollkeramischer Zahnersatz Mit Cerec&#x2122; wird der Weg zum Zahnersatz so angenehm wie noch nie. [\/vc_column_text][\/vc_column][\/vc_row][\/vc_section][vc_row css=&#8221;.vc_custom_1666769294386{padding-top: 60px !important;}&#8221;][vc_column width=&#8221;2\/3&#8243;][vc_column_text] Nat\u00fcrlich w\u00fcnscht sich praktisch niemand, eine Krone zu bekommen. Fr\u00fcher war dies zudem mit Abdruckmasse, unangenehmen Abdruckl\u00f6ffeln im Mund, W\u00fcrgereiz und Kieferschmerzen verbunden. Cerec&#x2122; erm\u00f6glicht jetzt eine schnellere und bequemere Behandlung.&hellip;","og_url":"https:\/\/pennekamp.ch\/cerec\/","og_site_name":"pennekamp.ch","article_modified_time":"2022-12-08T12:48:33+00:00","twitter_card":"summary_large_image","twitter_misc":{"Est. reading time":"2 minutes"},"schema":{"@context":"https:\/\/schema.org","@graph":[{"@type":"WebPage","@id":"https:\/\/pennekamp.ch\/cerec\/","url":"https:\/\/pennekamp.ch\/cerec\/","name":"Cerec&#x2122; - pennekamp.ch","isPartOf":{"@id":"https:\/\/pennekamp.ch\/#website"},"datePublished":"2018-10-17T07:06:41+00:00","dateModified":"2022-12-08T12:48:33+00:00","breadcrumb":{"@id":"https:\/\/pennekamp.ch\/cerec\/#breadcrumb"},"inLanguage":"en-US","potentialAction":[{"@type":"ReadAction","target":["https:\/\/pennekamp.ch\/cerec\/"]}]},{"@type":"BreadcrumbList","@id":"https:\/\/pennekamp.ch\/cerec\/#breadcrumb","itemListElement":[{"@type":"ListItem","position":1,"name":"Home","item":"https:\/\/pennekamp.ch\/"},{"@type":"ListItem","position":2,"name":"Cerec&#x2122;"}]},{"@type":"WebSite","@id":"https:\/\/pennekamp.ch\/#website","url":"https:\/\/pennekamp.ch\/","name":"pennekamp.ch","description":"Zahnarztpraxis Dr.med.dent. Thomas Pennekamp","publisher":{"@id":"https:\/\/pennekamp.ch\/#organization"},"potentialAction":[{"@type":"SearchAction","target":{"@type":"EntryPoint","urlTemplate":"https:\/\/pennekamp.ch\/?s={search_term_string}"},"query-input":{"@type":"PropertyValueSpecification","valueRequired":true,"valueName":"search_term_string"}}],"inLanguage":"en-US"},{"@type":"Organization","@id":"https:\/\/pennekamp.ch\/#organization","name":"pennekamp.ch","url":"https:\/\/pennekamp.ch\/","logo":{"@type":"ImageObject","inLanguage":"en-US","@id":"https:\/\/pennekamp.ch\/#\/schema\/logo\/image\/","url":"https:\/\/pennekamp.ch\/wp-content\/uploads\/2022\/10\/pennekamp-logo.png","contentUrl":"https:\/\/pennekamp.ch\/wp-content\/uploads\/2022\/10\/pennekamp-logo.png","width":264,"height":80,"caption":"pennekamp.ch"},"image":{"@id":"https:\/\/pennekamp.ch\/#\/schema\/logo\/image\/"}}]}},"_links":{"self":[{"href":"https:\/\/pennekamp.ch\/en\/wp-json\/wp\/v2\/pages\/463","targetHints":{"allow":["GET"]}}],"collection":[{"href":"https:\/\/pennekamp.ch\/en\/wp-json\/wp\/v2\/pages"}],"about":[{"href":"https:\/\/pennekamp.ch\/en\/wp-json\/wp\/v2\/types\/page"}],"author":[{"embeddable":true,"href":"https:\/\/pennekamp.ch\/en\/wp-json\/wp\/v2\/users\/1"}],"replies":[{"embeddable":true,"href":"https:\/\/pennekamp.ch\/en\/wp-json\/wp\/v2\/comments?post=463"}],"version-history":[{"count":5,"href":"https:\/\/pennekamp.ch\/en\/wp-json\/wp\/v2\/pages\/463\/revisions"}],"predecessor-version":[{"id":3315,"href":"https:\/\/pennekamp.ch\/en\/wp-json\/wp\/v2\/pages\/463\/revisions\/3315"}],"wp:attachment":[{"href":"https:\/\/pennekamp.ch\/en\/wp-json\/wp\/v2\/media?parent=463"}],"curies":[{"name":"wp","href":"https:\/\/api.w.org\/{rel}","templated":true}]}}