{"id":431,"date":"2015-06-26T17:09:01","date_gmt":"2015-06-26T15:09:01","guid":{"rendered":"https:\/\/pennekamp.ch\/ueber-uns\/"},"modified":"2025-08-18T18:07:35","modified_gmt":"2025-08-18T16:07:35","slug":"about-us","status":"publish","type":"page","link":"https:\/\/pennekamp.ch\/en\/about-us\/","title":{"rendered":"About us"},"content":{"rendered":"<div class=\"wpb-content-wrapper\">[vc_row full_width=&#8221;stretch_row&#8221; el_class=&#8221;wk-page-title&#8221;][vc_column][vc_column_text]\n<h1 style=\"padding: 0;\">About us<\/h1>\n[\/vc_column_text][\/vc_column][\/vc_row][vc_row css=&#8221;.vc_custom_1440424435979{padding-top: 80px !important;padding-right: 15px !important;padding-left: 15px !important;}&#8221;][vc_column width=&#8221;1\/4&#8243;][vc_single_image image=&#8221;3661&#8243;][vc_column_text]\n<h4 style=\"text-align: center;\"><span class=\"wpex-text-md\">Dr. med. dent. Thomas Pennekamp<\/span><\/h4>\n[\/vc_column_text][vc_column_text css=&#8221;.vc_custom_1673002625367{padding-top: 10px !important;}&#8221; el_class=&#8221;wk-link-color&#8221;]<a href=\"mailto:info@pennekamp.ch\">info@pennekamp.ch<\/a><br \/>\n<a href=\"tel:+41 44 202 67 00\">+41 44 202 67 00<\/a>[\/vc_column_text][\/vc_column][vc_column width=&#8221;3\/4&#8243;][vc_column_text]\n<p style=\"text-align: left;\">Dr. med. dent. Thomas Pennekamp passed his state examination at the University of Cologne in 2001. His doctorate followed one year later. Until April 2014, he ran the dental practice Dr. Kurpiers\/Dr. Pennekamp in Cologne together with Dr. Bernd Kurpiers. In August 2015, Dr. med. dent. Thomas Pennekamp took over the practice in Zurich-Enge.<\/p>\n<p style=\"text-align: left;\">In addition to numerous further training courses in various areas of dentistry and oral surgery, Dr. med. dent. Thomas Pennekamp has focused specifically on aesthetic dentistry, the direct fabrication of ceramic restorations (CEREC), the treatment of chewing dysfunctions and implantology. In addition to his studies, he has also obtained the following certifications: aesthetic dentistry and function, implantology, craniomandibular dysfunction and chewing dysfunction as well as digital volume tomography. This means that Dr. med. dent. Thomas Pennekamp and his team of five can offer you a wide range of treatments using the latest technology.<\/p>\n[\/vc_column_text][vc_empty_space][vc_column_text el_class=&#8221;wk-link-color&#8221;]\n<p style=\"text-align: left;\">I am a member of the following professional societies:<\/p>\n<p style=\"text-align: left;\"><a href=\"https:\/\/www.sso.ch\/home.html\" target=\"_blank\" rel=\"noopener\">SSO-Schweizerische Zahn\u00e4rzte-Gesellschaft (Swiss Dental Association)<\/a><\/p>\n<p style=\"text-align: left;\"><a href=\"https:\/\/www.dginet.de\/web\/dgi\/home\" target=\"_blank\" rel=\"noopener\">DGI-Deutsche Gesellschaft f\u00fcr Implantologie (German Society for Implantology)<\/a><\/p>\n<p style=\"text-align: left;\"><a href=\"http:\/\/www.dgaez.de\/\" target=\"_blank\" rel=\"noopener\">DG\u00c4Z-Deutsche Gesellschaft f\u00fcr \u00c4sthetische Zahnheilkunde und Funktion (Society for Aesthetic Dentistry and Function)<\/a><\/p>\n<p style=\"text-align: left;\"><a href=\"http:\/\/www.dgfdt.de\/\" target=\"_blank\" rel=\"noopener\">DGFDT-Deutsche Gesellschaft f\u00fcr Funktionsdiagnostik und -therapie (German Society for Functional Diagnostics and Therapy)<\/a><\/p>\n<p style=\"text-align: left;\"><a href=\"http:\/\/www.dgzmk.de\/\" target=\"_blank\" rel=\"noopener\">DGZMK-Deutsche Gesellschaft f\u00fcr Zahn-, Mund- und Kieferheilkunde (German Society for Dental, Oral and Maxillofacial Medicine)<\/a><\/p>\n<p style=\"text-align: left;\"><a href=\"http:\/\/www.sgdmfr.ch\/\" target=\"_blank\" rel=\"noopener\">SGDMFR-Schweizer Gesellschaft f\u00fcr Dentomaxillofaziale Radiologie (Swiss Society for Dentomaxillofacial Radiology)<\/a><\/p>\n[\/vc_column_text][\/vc_column][\/vc_row][vc_row][vc_column][vc_empty_space][\/vc_column][\/vc_row][vc_row css=&#8221;.vc_custom_1665654908879{padding-bottom: 50px !important;}&#8221;][vc_column width=&#8221;1\/4&#8243; el_class=&#8221;wk-profile&#8221;][vc_single_image image=&#8221;3658&#8243; img_size=&#8221;&#8221;][vc_column_text]\n<h4><span class=\"wpex-text-md\">Sally Pfyffer<\/span><\/h4>\n<p>Dental hygienist[\/vc_column_text][\/vc_column][vc_column width=&#8221;1\/4&#8243; el_class=&#8221;wk-profile&#8221;][vc_single_image image=&#8221;3656&#8243; img_size=&#8221;&#8221;][vc_column_text]\n<h4><span class=\"wpex-text-md\">Stephanie Vassalli<br \/>\n<\/span><\/h4>\n<p>Dental hygienist[\/vc_column_text][\/vc_column][vc_column width=&#8221;1\/4&#8243; el_class=&#8221;wk-profile&#8221;][vc_single_image image=&#8221;3909&#8243; img_size=&#8221;&#8221; css=&#8221;&#8221;][vc_column_text]\n<h4><span class=\"wpex-text-md\">Alev Mete<br \/>\n<\/span><\/h4>\n<p>Practice manager[\/vc_column_text][\/vc_column][vc_column width=&#8221;1\/4&#8243; el_class=&#8221;wk-profile&#8221;][vc_single_image image=&#8221;3885&#8243; img_size=&#8221;&#8221; css=&#8221;&#8221;][vc_column_text css=&#8221;&#8221;]\n<h4>Alejna Selimi<\/h4>\n<p>Dental assistant in training[\/vc_column_text][\/vc_column][\/vc_row][vc_row css=&#8221;.vc_custom_1755532305646{padding-bottom: 50px !important;}&#8221; el_class=&#8221;wk-profile&#8221;][vc_column width=&#8221;1\/4&#8243; el_class=&#8221;wk-profile&#8221;][vc_single_image image=&#8221;4162&#8243; img_size=&#8221;&#8221; css=&#8221;&#8221;][vc_column_text css=&#8221;&#8221;]\n<h4><span class=\"wpex-text-md\">Marie Anselm<br \/>\n<\/span><\/h4>\n<p>Dental assistant in training[\/vc_column_text][\/vc_column][vc_column width=&#8221;1\/4&#8243; el_class=&#8221;wk-profile&#8221;][\/vc_column][vc_column width=&#8221;1\/4&#8243; el_class=&#8221;wk-profile&#8221;][\/vc_column][vc_column width=&#8221;1\/4&#8243;][\/vc_column][\/vc_row]\n<\/div>","protected":false},"excerpt":{"rendered":"<p>[vc_row full_width=&#8221;stretch_row&#8221; el_class=&#8221;wk-page-title&#8221;][vc_column][vc_column_text] About us [\/vc_column_text][\/vc_column][\/vc_row][vc_row css=&#8221;.vc_custom_1440424435979{padding-top: 80px !important;padding-right: 15px !important;padding-left: 15px !important;}&#8221;][vc_column width=&#8221;1\/4&#8243;][vc_single_image image=&#8221;3661&#8243;][vc_column_text] Dr. med. dent. Thomas Pennekamp [\/vc_column_text][vc_column_text css=&#8221;.vc_custom_1673002625367{padding-top: 10px !important;}&#8221; el_class=&#8221;wk-link-color&#8221;]info@pennekamp.ch +41 44 202 67 00[\/vc_column_text][\/vc_column][vc_column width=&#8221;3\/4&#8243;][vc_column_text] Dr. med. dent. Thomas Pennekamp passed his state examination at the University of Cologne in 2001. His doctorate followed one year later. Until April&hellip;<\/p>\n","protected":false},"author":1,"featured_media":0,"parent":0,"menu_order":0,"comment_status":"closed","ping_status":"closed","template":"","meta":{"footnotes":""},"class_list":["post-431","page","type-page","status-publish","hentry","entry","no-media"],"yoast_head":"<!-- This site is optimized with the Yoast SEO plugin v27.3 - https:\/\/yoast.com\/product\/yoast-seo-wordpress\/ -->\n<title>About us - pennekamp.ch<\/title>\n<meta name=\"robots\" content=\"index, follow, max-snippet:-1, max-image-preview:large, max-video-preview:-1\" \/>\n<link rel=\"canonical\" href=\"https:\/\/pennekamp.ch\/en\/about-us\/\" \/>\n<meta property=\"og:locale\" content=\"en_US\" \/>\n<meta property=\"og:type\" content=\"article\" \/>\n<meta property=\"og:title\" content=\"About us - pennekamp.ch\" \/>\n<meta property=\"og:description\" content=\"[vc_row full_width=&#8221;stretch_row&#8221; el_class=&#8221;wk-page-title&#8221;][vc_column][vc_column_text] About us [\/vc_column_text][\/vc_column][\/vc_row][vc_row css=&#8221;.vc_custom_1440424435979{padding-top: 80px !important;padding-right: 15px !important;padding-left: 15px !important;}&#8221;][vc_column width=&#8221;1\/4&#8243;][vc_single_image image=&#8221;3661&#8243;][vc_column_text] Dr. med. dent. Thomas Pennekamp [\/vc_column_text][vc_column_text css=&#8221;.vc_custom_1673002625367{padding-top: 10px !important;}&#8221; el_class=&#8221;wk-link-color&#8221;]info@pennekamp.ch +41 44 202 67 00[\/vc_column_text][\/vc_column][vc_column width=&#8221;3\/4&#8243;][vc_column_text] Dr. med. dent. Thomas Pennekamp passed his state examination at the University of Cologne in 2001. His doctorate followed one year later. Until April&hellip;\" \/>\n<meta property=\"og:url\" content=\"https:\/\/pennekamp.ch\/en\/about-us\/\" \/>\n<meta property=\"og:site_name\" content=\"pennekamp.ch\" \/>\n<meta property=\"article:modified_time\" content=\"2025-08-18T16:07:35+00:00\" \/>\n<meta name=\"twitter:card\" content=\"summary_large_image\" \/>\n<meta name=\"twitter:label1\" content=\"Est. reading time\" \/>\n\t<meta name=\"twitter:data1\" content=\"2 minutes\" \/>\n<script type=\"application\/ld+json\" class=\"yoast-schema-graph\">{\"@context\":\"https:\\\/\\\/schema.org\",\"@graph\":[{\"@type\":\"WebPage\",\"@id\":\"https:\\\/\\\/pennekamp.ch\\\/en\\\/about-us\\\/\",\"url\":\"https:\\\/\\\/pennekamp.ch\\\/en\\\/about-us\\\/\",\"name\":\"About us - pennekamp.ch\",\"isPartOf\":{\"@id\":\"https:\\\/\\\/pennekamp.ch\\\/#website\"},\"datePublished\":\"2015-06-26T15:09:01+00:00\",\"dateModified\":\"2025-08-18T16:07:35+00:00\",\"breadcrumb\":{\"@id\":\"https:\\\/\\\/pennekamp.ch\\\/en\\\/about-us\\\/#breadcrumb\"},\"inLanguage\":\"en-US\",\"potentialAction\":[{\"@type\":\"ReadAction\",\"target\":[\"https:\\\/\\\/pennekamp.ch\\\/en\\\/about-us\\\/\"]}]},{\"@type\":\"BreadcrumbList\",\"@id\":\"https:\\\/\\\/pennekamp.ch\\\/en\\\/about-us\\\/#breadcrumb\",\"itemListElement\":[{\"@type\":\"ListItem\",\"position\":1,\"name\":\"Home\",\"item\":\"https:\\\/\\\/pennekamp.ch\\\/\"},{\"@type\":\"ListItem\",\"position\":2,\"name\":\"About us\"}]},{\"@type\":\"WebSite\",\"@id\":\"https:\\\/\\\/pennekamp.ch\\\/#website\",\"url\":\"https:\\\/\\\/pennekamp.ch\\\/\",\"name\":\"pennekamp.ch\",\"description\":\"Zahnarztpraxis Dr.med.dent. Thomas Pennekamp\",\"publisher\":{\"@id\":\"https:\\\/\\\/pennekamp.ch\\\/#organization\"},\"potentialAction\":[{\"@type\":\"SearchAction\",\"target\":{\"@type\":\"EntryPoint\",\"urlTemplate\":\"https:\\\/\\\/pennekamp.ch\\\/?s={search_term_string}\"},\"query-input\":{\"@type\":\"PropertyValueSpecification\",\"valueRequired\":true,\"valueName\":\"search_term_string\"}}],\"inLanguage\":\"en-US\"},{\"@type\":\"Organization\",\"@id\":\"https:\\\/\\\/pennekamp.ch\\\/#organization\",\"name\":\"pennekamp.ch\",\"url\":\"https:\\\/\\\/pennekamp.ch\\\/\",\"logo\":{\"@type\":\"ImageObject\",\"inLanguage\":\"en-US\",\"@id\":\"https:\\\/\\\/pennekamp.ch\\\/#\\\/schema\\\/logo\\\/image\\\/\",\"url\":\"https:\\\/\\\/pennekamp.ch\\\/wp-content\\\/uploads\\\/2022\\\/10\\\/pennekamp-logo.png\",\"contentUrl\":\"https:\\\/\\\/pennekamp.ch\\\/wp-content\\\/uploads\\\/2022\\\/10\\\/pennekamp-logo.png\",\"width\":264,\"height\":80,\"caption\":\"pennekamp.ch\"},\"image\":{\"@id\":\"https:\\\/\\\/pennekamp.ch\\\/#\\\/schema\\\/logo\\\/image\\\/\"}}]}<\/script>\n<!-- \/ Yoast SEO plugin. -->","yoast_head_json":{"title":"About us - pennekamp.ch","robots":{"index":"index","follow":"follow","max-snippet":"max-snippet:-1","max-image-preview":"max-image-preview:large","max-video-preview":"max-video-preview:-1"},"canonical":"https:\/\/pennekamp.ch\/en\/about-us\/","og_locale":"en_US","og_type":"article","og_title":"About us - pennekamp.ch","og_description":"[vc_row full_width=&#8221;stretch_row&#8221; el_class=&#8221;wk-page-title&#8221;][vc_column][vc_column_text] About us [\/vc_column_text][\/vc_column][\/vc_row][vc_row css=&#8221;.vc_custom_1440424435979{padding-top: 80px !important;padding-right: 15px !important;padding-left: 15px !important;}&#8221;][vc_column width=&#8221;1\/4&#8243;][vc_single_image image=&#8221;3661&#8243;][vc_column_text] Dr. med. dent. Thomas Pennekamp [\/vc_column_text][vc_column_text css=&#8221;.vc_custom_1673002625367{padding-top: 10px !important;}&#8221; el_class=&#8221;wk-link-color&#8221;]info@pennekamp.ch +41 44 202 67 00[\/vc_column_text][\/vc_column][vc_column width=&#8221;3\/4&#8243;][vc_column_text] Dr. med. dent. Thomas Pennekamp passed his state examination at the University of Cologne in 2001. His doctorate followed one year later. Until April&hellip;","og_url":"https:\/\/pennekamp.ch\/en\/about-us\/","og_site_name":"pennekamp.ch","article_modified_time":"2025-08-18T16:07:35+00:00","twitter_card":"summary_large_image","twitter_misc":{"Est. reading time":"2 minutes"},"schema":{"@context":"https:\/\/schema.org","@graph":[{"@type":"WebPage","@id":"https:\/\/pennekamp.ch\/en\/about-us\/","url":"https:\/\/pennekamp.ch\/en\/about-us\/","name":"About us - pennekamp.ch","isPartOf":{"@id":"https:\/\/pennekamp.ch\/#website"},"datePublished":"2015-06-26T15:09:01+00:00","dateModified":"2025-08-18T16:07:35+00:00","breadcrumb":{"@id":"https:\/\/pennekamp.ch\/en\/about-us\/#breadcrumb"},"inLanguage":"en-US","potentialAction":[{"@type":"ReadAction","target":["https:\/\/pennekamp.ch\/en\/about-us\/"]}]},{"@type":"BreadcrumbList","@id":"https:\/\/pennekamp.ch\/en\/about-us\/#breadcrumb","itemListElement":[{"@type":"ListItem","position":1,"name":"Home","item":"https:\/\/pennekamp.ch\/"},{"@type":"ListItem","position":2,"name":"About us"}]},{"@type":"WebSite","@id":"https:\/\/pennekamp.ch\/#website","url":"https:\/\/pennekamp.ch\/","name":"pennekamp.ch","description":"Zahnarztpraxis Dr.med.dent. Thomas Pennekamp","publisher":{"@id":"https:\/\/pennekamp.ch\/#organization"},"potentialAction":[{"@type":"SearchAction","target":{"@type":"EntryPoint","urlTemplate":"https:\/\/pennekamp.ch\/?s={search_term_string}"},"query-input":{"@type":"PropertyValueSpecification","valueRequired":true,"valueName":"search_term_string"}}],"inLanguage":"en-US"},{"@type":"Organization","@id":"https:\/\/pennekamp.ch\/#organization","name":"pennekamp.ch","url":"https:\/\/pennekamp.ch\/","logo":{"@type":"ImageObject","inLanguage":"en-US","@id":"https:\/\/pennekamp.ch\/#\/schema\/logo\/image\/","url":"https:\/\/pennekamp.ch\/wp-content\/uploads\/2022\/10\/pennekamp-logo.png","contentUrl":"https:\/\/pennekamp.ch\/wp-content\/uploads\/2022\/10\/pennekamp-logo.png","width":264,"height":80,"caption":"pennekamp.ch"},"image":{"@id":"https:\/\/pennekamp.ch\/#\/schema\/logo\/image\/"}}]}},"_links":{"self":[{"href":"https:\/\/pennekamp.ch\/en\/wp-json\/wp\/v2\/pages\/431","targetHints":{"allow":["GET"]}}],"collection":[{"href":"https:\/\/pennekamp.ch\/en\/wp-json\/wp\/v2\/pages"}],"about":[{"href":"https:\/\/pennekamp.ch\/en\/wp-json\/wp\/v2\/types\/page"}],"author":[{"embeddable":true,"href":"https:\/\/pennekamp.ch\/en\/wp-json\/wp\/v2\/users\/1"}],"replies":[{"embeddable":true,"href":"https:\/\/pennekamp.ch\/en\/wp-json\/wp\/v2\/comments?post=431"}],"version-history":[{"count":5,"href":"https:\/\/pennekamp.ch\/en\/wp-json\/wp\/v2\/pages\/431\/revisions"}],"predecessor-version":[{"id":4167,"href":"https:\/\/pennekamp.ch\/en\/wp-json\/wp\/v2\/pages\/431\/revisions\/4167"}],"wp:attachment":[{"href":"https:\/\/pennekamp.ch\/en\/wp-json\/wp\/v2\/media?parent=431"}],"curies":[{"name":"wp","href":"https:\/\/api.w.org\/{rel}","templated":true}]}}